{"id":313,"date":"2024-03-19T21:35:55","date_gmt":"2024-03-20T03:35:55","guid":{"rendered":"https:\/\/santodomingopana.com\/?post_type=product&#038;p=313"},"modified":"2024-03-26T15:31:55","modified_gmt":"2024-03-26T15:31:55","slug":"tour-del-lago","status":"publish","type":"product","link":"https:\/\/santodomingopana.com\/es\/producto\/tour-del-lago\/","title":{"rendered":"Tour del Lago"},"content":{"rendered":"<p>Salida 9:00 am<br \/>\nRegreso a Panajachel 3:30 pm<br \/>\nVisita 3 pueblos San Juan, San Pedro, y Santiago Atitl\u00e1n<br \/>\nTour en lancha con gu\u00eda, visitando los lugares de mayor relevancia de cada pueblo, gu\u00eda ingles espa\u00f1ol<br \/>\n(pueden llamar para ampliar informaci\u00f3n. Precios por persona.<\/p>\n","protected":false},"excerpt":{"rendered":"<p>Salida 9:00 am Regreso a Panajachel 3:30 pm Visita 3 pueblos San Juan, San Pedro, y Santiago Atitl\u00e1n Tour en lancha con gu\u00eda, visitando los lugares de mayor relevancia de cada pueblo, gu\u00eda ingles espa\u00f1ol (pueden llamar para ampliar informaci\u00f3n. Precios por persona.<\/p>\n","protected":false},"featured_media":408,"template":"","meta":[],"product_brand":[],"product_cat":[36],"product_tag":[],"class_list":{"0":"post-313","1":"product","2":"type-product","3":"status-publish","4":"has-post-thumbnail","6":"product_cat-tours-es","8":"first","9":"instock","10":"virtual","11":"taxable","12":"purchasable","13":"product-type-simple"},"_links":{"self":[{"href":"https:\/\/santodomingopana.com\/es\/wp-json\/wp\/v2\/product\/313","targetHints":{"allow":["GET"]}}],"collection":[{"href":"https:\/\/santodomingopana.com\/es\/wp-json\/wp\/v2\/product"}],"about":[{"href":"https:\/\/santodomingopana.com\/es\/wp-json\/wp\/v2\/types\/product"}],"wp:featuredmedia":[{"embeddable":true,"href":"https:\/\/santodomingopana.com\/es\/wp-json\/wp\/v2\/media\/408"}],"wp:attachment":[{"href":"https:\/\/santodomingopana.com\/es\/wp-json\/wp\/v2\/media?parent=313"}],"wp:term":[{"taxonomy":"product_brand","embeddable":true,"href":"https:\/\/santodomingopana.com\/es\/wp-json\/wp\/v2\/product_brand?post=313"},{"taxonomy":"product_cat","embeddable":true,"href":"https:\/\/santodomingopana.com\/es\/wp-json\/wp\/v2\/product_cat?post=313"},{"taxonomy":"product_tag","embeddable":true,"href":"https:\/\/santodomingopana.com\/es\/wp-json\/wp\/v2\/product_tag?post=313"}],"curies":[{"name":"wp","href":"https:\/\/api.w.org\/{rel}","templated":true}]}}