{"id":429,"date":"2024-03-26T16:40:26","date_gmt":"2024-03-26T22:40:26","guid":{"rendered":"https:\/\/santodomingopana.com\/?post_type=product&#038;p=429"},"modified":"2024-03-26T19:46:28","modified_gmt":"2024-03-26T19:46:28","slug":"ciudad-de-antigua-tour","status":"publish","type":"product","link":"https:\/\/santodomingopana.com\/es\/producto\/ciudad-de-antigua-tour\/","title":{"rendered":"Ciudad de Antigua Tour"},"content":{"rendered":"<p>Recepci\u00f3n en su hotel 8:00 am por el gu\u00eda (deben ir previamente desayunados) donde iniciaremos el Tour visitando los lugares mas importantes y emblem\u00e1ticos de la anterior capital de Guatemala (todo el recorrido ser\u00e1 caminando) el Tour incluye gu\u00eda y Entrada<\/p>\n<p>Catedral y sus ruinas<br \/>\nPalacios de los Capuchines Generales<br \/>\nPalacios Municipal<br \/>\nTanque de la uni\u00f3n<br \/>\nIglesia de San Francisco el Grande y Tumba del Santo Hermano Pedro<br \/>\nEx Convento de los Dominicos (Santo Domingo)<br \/>\nMuseo de Arqueol\u00f3gico y Jade<br \/>\nArco de Santa Catalina M\u00e1rtir<br \/>\nIglesia y convento de las Monjas Capuchinas<\/p>\n","protected":false},"excerpt":{"rendered":"<p>Recepci\u00f3n en su hotel 8:00 am por el gu\u00eda (deben ir previamente desayunados) donde iniciaremos el Tour visitando los lugares mas importantes y emblem\u00e1ticos de la anterior capital de Guatemala (todo el recorrido ser\u00e1 caminando) el Tour incluye gu\u00eda y Entrada Catedral y sus ruinas Palacios de los Capuchines Generales Palacios Municipal Tanque de la uni\u00f3n Iglesia de San Francisco el Grande y Tumba del Santo Hermano Pedro Ex Convento de los Dominicos (Santo Domingo) Museo de Arqueol\u00f3gico y Jade Arco de Santa Catalina M\u00e1rtir Iglesia y convento de las Monjas Capuchinas<\/p>\n","protected":false},"featured_media":420,"template":"","meta":[],"product_brand":[],"product_cat":[36],"product_tag":[],"class_list":{"0":"post-429","1":"product","2":"type-product","3":"status-publish","4":"has-post-thumbnail","6":"product_cat-tours-es","8":"first","9":"instock","10":"virtual","11":"taxable","12":"purchasable","13":"product-type-simple"},"_links":{"self":[{"href":"https:\/\/santodomingopana.com\/es\/wp-json\/wp\/v2\/product\/429","targetHints":{"allow":["GET"]}}],"collection":[{"href":"https:\/\/santodomingopana.com\/es\/wp-json\/wp\/v2\/product"}],"about":[{"href":"https:\/\/santodomingopana.com\/es\/wp-json\/wp\/v2\/types\/product"}],"wp:featuredmedia":[{"embeddable":true,"href":"https:\/\/santodomingopana.com\/es\/wp-json\/wp\/v2\/media\/420"}],"wp:attachment":[{"href":"https:\/\/santodomingopana.com\/es\/wp-json\/wp\/v2\/media?parent=429"}],"wp:term":[{"taxonomy":"product_brand","embeddable":true,"href":"https:\/\/santodomingopana.com\/es\/wp-json\/wp\/v2\/product_brand?post=429"},{"taxonomy":"product_cat","embeddable":true,"href":"https:\/\/santodomingopana.com\/es\/wp-json\/wp\/v2\/product_cat?post=429"},{"taxonomy":"product_tag","embeddable":true,"href":"https:\/\/santodomingopana.com\/es\/wp-json\/wp\/v2\/product_tag?post=429"}],"curies":[{"name":"wp","href":"https:\/\/api.w.org\/{rel}","templated":true}]}}