{"id":431,"date":"2024-03-26T16:51:32","date_gmt":"2024-03-26T22:51:32","guid":{"rendered":"https:\/\/santodomingopana.com\/?post_type=product&#038;p=431"},"modified":"2024-03-26T19:55:41","modified_gmt":"2024-03-26T19:55:41","slug":"tikal-peten-tour","status":"publish","type":"product","link":"https:\/\/santodomingopana.com\/es\/producto\/tikal-peten-tour\/","title":{"rendered":"Tikal, Peten Tour"},"content":{"rendered":"<p>Recepci\u00f3n en su hotel 8:00 am en flores, traslado a Tikal recorrido por el parque acompa\u00f1ados de gu\u00eda quien explicara la historia de los templos, el tour incluye transporte de Tikal a flores ida y vuelta, entrada, gu\u00eda y almuerzo t\u00edpico costo del Tour Precios por persona<\/p>\n","protected":false},"excerpt":{"rendered":"<p>Recepci\u00f3n en su hotel 8:00 am en flores, traslado a Tikal recorrido por el parque acompa\u00f1ados de gu\u00eda quien explicara la historia de los templos, el tour incluye transporte de Tikal a flores ida y vuelta, entrada, gu\u00eda y almuerzo t\u00edpico costo del Tour Precios por persona<\/p>\n","protected":false},"featured_media":426,"template":"","meta":[],"product_brand":[],"product_cat":[36],"product_tag":[],"class_list":{"0":"post-431","1":"product","2":"type-product","3":"status-publish","4":"has-post-thumbnail","6":"product_cat-tours-es","8":"first","9":"instock","10":"virtual","11":"taxable","12":"purchasable","13":"product-type-simple"},"_links":{"self":[{"href":"https:\/\/santodomingopana.com\/es\/wp-json\/wp\/v2\/product\/431","targetHints":{"allow":["GET"]}}],"collection":[{"href":"https:\/\/santodomingopana.com\/es\/wp-json\/wp\/v2\/product"}],"about":[{"href":"https:\/\/santodomingopana.com\/es\/wp-json\/wp\/v2\/types\/product"}],"wp:featuredmedia":[{"embeddable":true,"href":"https:\/\/santodomingopana.com\/es\/wp-json\/wp\/v2\/media\/426"}],"wp:attachment":[{"href":"https:\/\/santodomingopana.com\/es\/wp-json\/wp\/v2\/media?parent=431"}],"wp:term":[{"taxonomy":"product_brand","embeddable":true,"href":"https:\/\/santodomingopana.com\/es\/wp-json\/wp\/v2\/product_brand?post=431"},{"taxonomy":"product_cat","embeddable":true,"href":"https:\/\/santodomingopana.com\/es\/wp-json\/wp\/v2\/product_cat?post=431"},{"taxonomy":"product_tag","embeddable":true,"href":"https:\/\/santodomingopana.com\/es\/wp-json\/wp\/v2\/product_tag?post=431"}],"curies":[{"name":"wp","href":"https:\/\/api.w.org\/{rel}","templated":true}]}}